{"id":3828,"date":"2026-03-30T12:15:04","date_gmt":"2026-03-30T12:15:04","guid":{"rendered":"https:\/\/dev.richardspetfriendlymotel.com\/?page_id=3828"},"modified":"2026-03-31T10:35:16","modified_gmt":"2026-03-31T10:35:16","slug":"quienes-somos-descuentos-politicas","status":"publish","type":"page","link":"https:\/\/richardspetfriendlymotel.com\/es\/quienes-somos-descuentos-politicas\/","title":{"rendered":"Descuentos &#8211; Pol\u00edticas"},"content":{"rendered":"<p>[et_pb_section fb_built=\u00bb1&#8243; _builder_version=\u00bb4.23.1&#8243; _module_preset=\u00bbdefault\u00bb global_colors_info=\u00bb{}\u00bb][et_pb_row _builder_version=\u00bb4.24.0&#8243; _module_preset=\u00bbdefault\u00bb custom_margin=\u00bb40px||||false|false\u00bb global_colors_info=\u00bb{}\u00bb][et_pb_column type=\u00bb4_4&#8243; _builder_version=\u00bb4.23.1&#8243; _module_preset=\u00bbdefault\u00bb global_colors_info=\u00bb{}\u00bb][et_pb_text _builder_version=\u00bb4.27.6&#8243; _module_preset=\u00bbdefault\u00bb header_3_font=\u00bbABeeZee||||||||\u00bb header_3_text_color=\u00bb#7CDA24&#8243; custom_padding=\u00bb0px|||||\u00bb global_colors_info=\u00bb{}\u00bb]<\/p>\n<h3 style=\"text-align: justify;\">Descuentos &#8211; Pol\u00edticas<strong><\/strong><\/h3>\n<p>[\/et_pb_text][\/et_pb_column][\/et_pb_row][et_pb_row _builder_version=\u00bb4.24.0&#8243; _module_preset=\u00bbdefault\u00bb custom_margin=\u00bb40px||||false|false\u00bb global_colors_info=\u00bb{}\u00bb][et_pb_column type=\u00bb4_4&#8243; _builder_version=\u00bb4.23.1&#8243; _module_preset=\u00bbdefault\u00bb global_colors_info=\u00bb{}\u00bb][et_pb_text _builder_version=\u00bb4.27.6&#8243; _module_preset=\u00bbdefault\u00bb header_3_font=\u00bbABeeZee||||||||\u00bb header_3_text_color=\u00bb#7CDA24&#8243; global_colors_info=\u00bb{}\u00bb]<\/p>\n<h3>Descuentos<\/h3>\n<p>&nbsp;<\/p>\n<ul>\n<li><strong>Descuento de \u00faltima hora<\/strong><\/li>\n<\/ul>\n<p>Disponible para los que se presenten sin reserva (que no es el escenario ideal en t\u00e9rminos de elecci\u00f3n)<\/p>\n<p>No se arriesgue a ver un \u00abNO HAY VACANTE\u00bb ese d\u00eda.<\/p>\n<ul>\n<li><strong>Descuento por larga estancia&#8230;<\/strong><\/li>\n<\/ul>\n<p>Si est\u00e1 planeando una larga estancia con nosotros, p\u00f3ngase en contacto con nuestro departamento de reservas para obtener una tarifa especial. Siempre un 15% de descuento para una estancia de invierno si se reserva ANTES del 31 de octubre anterior.<\/p>\n<ul>\n<li><strong>Quitanieves gratis.. <\/strong><\/li>\n<\/ul>\n<p>Cuando se aloja con nosotros, su coche nunca se encuentra enterrado en la nieve.<\/p>\n<p>&nbsp;<\/p>\n<p><em>*Todos los descuentos no son acumulables. <\/em><\/p>\n<p><em><\/em><\/p>\n<p><em><\/em><\/p>\n<p><em><\/em><\/p>\n<p>[\/et_pb_text][\/et_pb_column][\/et_pb_row][et_pb_row _builder_version=\u00bb4.27.6&#8243; _module_preset=\u00bbdefault\u00bb global_colors_info=\u00bb{}\u00bb][et_pb_column type=\u00bb4_4&#8243; _builder_version=\u00bb4.27.6&#8243; _module_preset=\u00bbdefault\u00bb global_colors_info=\u00bb{}\u00bb][et_pb_text _builder_version=\u00bb4.27.6&#8243; _module_preset=\u00bbdefault\u00bb header_3_font=\u00bbABeeZee||||||||\u00bb header_3_text_color=\u00bb#7CDA24&#8243; global_colors_info=\u00bb{}\u00bb]<\/p>\n<h3>Condiciones y pol\u00edtica<\/h3>\n<p>En todo momento, los perros deben ir atados en el recinto.<br \/>\nComo propietario de una mascota, eres responsable econ\u00f3micamente de los da\u00f1os que cause.<br \/>\nLas camas y los sof\u00e1s no deben ser utilizados en ning\u00fan momento por tu mascota.<br \/>\nSe aplicar\u00e1 una tarifa de 25,00 $ + impuestos por cada pieza de ropa de cama o cualquier otro desperfecto que requiera una limpieza espec\u00edfica.<br \/>\nLimpia lo que ensucie tu mascota, no dejes rastro de su paso, ni dentro ni alrededor de la unidad de alojamiento, ni en el recinto.<br \/>\nSi fuera necesario limpiar el exterior de tu unidad de alojamiento despu\u00e9s de la salida, se te descontar\u00e1n 50,00 $ de la fianza.<br \/>\nNo se permite que las mascotas est\u00e9n en otros edificios ni en lugares p\u00fablicos y en ning\u00fan caso deben dejarse atadas en un lugar accesible al cliente del Hotel.<br \/>\nDebes limitar en todo momento los ladridos de tu perro respecto a los dem\u00e1s clientes.<\/p>\n<p>La direcci\u00f3n se reserva el derecho a revocar el derecho de residencia de tu mascota si no se siguen una o varias de las pol\u00edticas mencionadas.[\/et_pb_text][\/et_pb_column][\/et_pb_row][et_pb_row _builder_version=\u00bb4.24.0&#8243; _module_preset=\u00bbdefault\u00bb custom_margin=\u00bb40px||||false|false\u00bb global_colors_info=\u00bb{}\u00bb][et_pb_column type=\u00bb4_4&#8243; _builder_version=\u00bb4.23.1&#8243; _module_preset=\u00bbdefault\u00bb global_colors_info=\u00bb{}\u00bb][et_pb_text _builder_version=\u00bb4.27.6&#8243; _module_preset=\u00bbdefault\u00bb header_3_font=\u00bbABeeZee||||||||\u00bb header_3_text_color=\u00bb#7CDA24&#8243; global_colors_info=\u00bb{}\u00bb]<\/p>\n<h3>Pol\u00edtica de limpieza<\/h3>\n<p>&nbsp;<\/p>\n<p><strong><u>Pagas la tarifa diaria:<\/u><\/strong><br \/>Obtienes un servicio de habitaciones diario.<\/p>\n<p><strong><u>Pagas la tarifa semanal:<\/u><\/strong><br \/>Obtienes un servicio de habitaciones semanal (una vez a la semana).*<\/p>\n<p>*Se proporciona un gran servicio\/limpieza una vez a la semana s\u00f3lo con cambio de s\u00e1banas. Las toallas, el papel higi\u00e9nico y las pastillas de jab\u00f3n s\u00f3lo se proporcionar\u00e1n si se solicitan entre las 9.00 y las 16.00 horas. Es posible que se realice una inspecci\u00f3n diaria de las habitaciones y que el aire acondicionado se apague cuando no haya nadie en su interior.<\/p>\n<p>Si es necesario, se proporcionar\u00e1 una peque\u00f1a escoba, una fregona y art\u00edculos b\u00e1sicos de limpieza a petici\u00f3n de los interesados.<\/p>\n<p>&nbsp;<\/p>\n<p>[\/et_pb_text][\/et_pb_column][\/et_pb_row][et_pb_row _builder_version=\u00bb4.24.0&#8243; _module_preset=\u00bbdefault\u00bb custom_margin=\u00bb40px||||false|false\u00bb global_colors_info=\u00bb{}\u00bb][et_pb_column type=\u00bb4_4&#8243; _builder_version=\u00bb4.23.1&#8243; _module_preset=\u00bbdefault\u00bb global_colors_info=\u00bb{}\u00bb][et_pb_text _builder_version=\u00bb4.27.6&#8243; _module_preset=\u00bbdefault\u00bb header_3_font=\u00bbABeeZee||||||||\u00bb header_3_text_color=\u00bb#7CDA24&#8243; global_colors_info=\u00bb{}\u00bb]<\/p>\n<h3 style=\"text-align: justify;\"><\/h3>\n<h3 style=\"text-align: justify;\">Seguridad y protecci\u00f3n<\/h3>\n<p>&nbsp;<\/p>\n<p>Para su seguridad, nuestra propiedad ofrece las siguientes caracter\u00edsticas:<\/p>\n<p style=\"text-align: justify;\">Doble cerradura<br \/>C\u00e1maras de vigilancia*<br \/>Encargado de guardia las 24 horas del d\u00eda<br \/>Por tu seguridad personal, lee lo siguiente<br \/>No admitas a una persona desconocida (sin consentimiento)<br \/>Guarda bien las llaves<br \/>No dejes a los ni\u00f1os sin supervisi\u00f3n en la habitaci\u00f3n<br \/>No dejes las ventanas abiertas durante la noche<\/p>\n<p style=\"text-align: justify;\"><strong>Informaci\u00f3n general de seguridad:<\/strong><\/p>\n<p style=\"text-align: justify;\"><span>Mientras disfrutas de tu estancia en el Motel Richard&#8217;s Pet Friendly del clima tropical y el tiempo c\u00e1lido, queremos que te sientas \u00abcomo en casa\u00bb mientras seas nuestro hu\u00e9sped. A pesar de la atenci\u00f3n que nuestro personal dedica a nuestros hu\u00e9spedes, para garantizar su seguridad y protecci\u00f3n, nuestro hotel est\u00e1 situado cerca de la Carretera Federal (US1), que es una calle muy transitada que atraviesa todo el estado de Florida.  La Carretera Federal es el punto central de nuestro \u00abdestino de relax, sin embargo, debemos ser conscientes de nuestro entorno durante el d\u00eda y la noche. Esto incluye mantener la puerta de la habitaci\u00f3n del hotel cerrada con llave en todo momento, asegurarse de que todos los objetos de valor est\u00e1n escondidos y no se llevan con usted a las zonas de la piscina y el patio, cerrar todas las ventanas, utilizando la cerradura superior, cuando salga de su habitaci\u00f3n durante cualquier periodo de tiempo, y no abrir la puerta de la habitaci\u00f3n del hotel a nadie que no conozca, a menos que se haya identificado claramente ante usted.<\/span><\/p>\n<p style=\"text-align: justify;\"><strong>Cajas fuertes en las habitaciones:<\/strong><\/p>\n<p style=\"text-align: justify;\"><span>Para garantizar la seguridad de nuestros hu\u00e9spedes y de sus objetos de valor, hemos instalado cajas fuertes en la mayor\u00eda de nuestras unidades. Estamos esperando la llegada de cajas adicionales para asegurar que todas las unidades contienen una caja fuerte en la habitaci\u00f3n Su uso durante su estancia, adem\u00e1s de los esfuerzos de nuestro personal para garantizar la seguridad de nuestros hu\u00e9spedes, estas cajas fuertes en la habitaci\u00f3n ayudar\u00e1 a asegurar que sus objetos de valor est\u00e1n a salvo y su estancia con nosotros es m\u00e1s relajante y agradable.<\/span><\/p>\n<p style=\"text-align: justify;\"><strong>Respecto al aparcamiento,<\/strong> <span>hemos instalado iluminaci\u00f3n adecuada y vigilancia por v\u00eddeo; sin embargo, para evitar problemas, cierra siempre las puertas de tu coche y no dejes objetos de valor en tu veh\u00edculo a la vista. Ten en cuenta que el Departamento de Bomberos y el Departamento de Polic\u00eda est\u00e1n a menos de un kil\u00f3metro.<\/span><\/p>\n<p style=\"text-align: justify;\"><span>Hacemos todo lo posible para mantener seguras las instalaciones y a nuestros hu\u00e9spedes, mientras disfrutan de su estancia con nosotros. Nuestro personal profesional (de d\u00eda y de noche) se dedica continuamente a tu seguridad y actuar\u00e1 con rapidez si surge alg\u00fan problema. Si tienes alguna pregunta o duda sobre seguridad, puedes ponerte en contacto con nuestra Recepci\u00f3n, las 24 horas del d\u00eda en el tel\u00e9fono <\/span><a href=\"tel:954-921-6418\">954-921-6418<\/a><\/p>\n<p>[\/et_pb_text][\/et_pb_column][\/et_pb_row][et_pb_row _builder_version=\u00bb4.24.0&#8243; _module_preset=\u00bbdefault\u00bb custom_margin=\u00bb40px||||false|false\u00bb global_colors_info=\u00bb{}\u00bb][et_pb_column type=\u00bb4_4&#8243; _builder_version=\u00bb4.23.1&#8243; _module_preset=\u00bbdefault\u00bb global_colors_info=\u00bb{}\u00bb][et_pb_text _builder_version=\u00bb4.24.1&#8243; _module_preset=\u00bbdefault\u00bb header_3_font=\u00bbABeeZee||||||||\u00bb header_3_text_color=\u00bb#7fbf00&#8243; global_colors_info=\u00bb{}\u00bb]<\/p>\n<p style=\"text-align: justify;\"><strong>*TV EN FRANC\u00c9S \/ Se ofrece un servicio alternativo (temporal)<\/strong><\/p>\n<p style=\"text-align: justify;\">\n<p style=\"text-align: justify;\">El deseo de la direcci\u00f3n es seguir ofreciendo a sus clientes de Quebec el servicio de televisi\u00f3n en franc\u00e9s. Se est\u00e1n incrementando los esfuerzos en este sentido, pero la tecnolog\u00eda<br \/>ya no responde a las expectativas, y los resultados se reflejan en grandes variaciones en la recepci\u00f3n. En una palabra, los diferentes canales franceses de<br \/>pueden funcionar de forma intermitente o simplemente no estar sintonizados todo el tiempo.<br \/>Es importante recordar que, en estas condiciones, la direcci\u00f3n no se hace responsable de las variaciones y\/o interrupciones de los canales franceses. Nosotros<br \/>Pedimos a nuestros clientes de Quebec su indulgencia ante este fen\u00f3meno.  <\/p>\n<p style=\"text-align: justify;\">Lo que nos importa es hacerlo lo mejor posible dadas las circunstancias y esforzarnos al m\u00e1ximo.<\/p>\n<p style=\"text-align: justify;\">Los franc\u00f3fonos de Quebec vienen a Florida ante todo por el clima, el sol, la playa, las actividades, las excursiones, tanto mejor si es \u00abparcialmente\u00bb posible ver algunos programas.<\/p>\n<p style=\"text-align: justify;\"><strong>SI INTERRUMPE<\/strong><\/p>\n<p style=\"text-align: justify;\">En caso de interrupci\u00f3n o cierre de uno o varios canales, puede notific\u00e1rnoslo (con RESPETO), y nosotros nos encargaremos de hacer lo necesario para que los canales vuelvan a funcionar. Nuestras esperanzas se basan en los avances de la tecnolog\u00eda que un d\u00eda os permitir\u00e1n, queridos clientes, utilizar vuestros tel\u00e9fonos inteligentes y haceros independientes en el acceso al contenido que se emita en vuestras habitaciones (&amp; apartamentos), tal y como hacen ahora la mayor\u00eda de nuestros clientes estadounidenses, que simplemente emiten (en \u00abmirroring\u00bb) su tel\u00e9fono en los televisores de cada unidad.<br \/>La mejor manera de asegurarte de que ves los programas de Quebec en diferido es consultar con tu distribuidor de cable de Quebec ANTES de tu llegada para averiguar c\u00f3mo ver Tou.tv y otros de todo el mundo en tu tableta.<\/p>\n<p style=\"text-align: justify;\"><em>Gracias por su indulgencia&#8230;<\/em><\/p>\n<p style=\"text-align: justify;\">[\/et_pb_text][\/et_pb_column][\/et_pb_row][\/et_pb_section]<\/p>\n","protected":false},"excerpt":{"rendered":"<p>Descuentos &#8211; Pol\u00edticasDescuentos &nbsp; Descuento de \u00faltima hora Disponible para los que se presenten sin reserva (que no es el escenario ideal en t\u00e9rminos de elecci\u00f3n) No se arriesgue a ver un \u00abNO HAY VACANTE\u00bb ese d\u00eda. Descuento por larga estancia&#8230; Si est\u00e1 planeando una larga estancia con nosotros, p\u00f3ngase en contacto con nuestro departamento [&hellip;]<\/p>\n","protected":false},"author":1,"featured_media":0,"parent":0,"menu_order":0,"comment_status":"closed","ping_status":"closed","template":"","meta":{"_et_pb_use_builder":"on","_et_pb_old_content":"","_et_gb_content_width":"","_monsterinsights_skip_tracking":false,"_monsterinsights_sitenote_active":false,"_monsterinsights_sitenote_note":"","_monsterinsights_sitenote_category":0,"footnotes":""},"class_list":["post-3828","page","type-page","status-publish","hentry"],"yoast_head":"<!-- This site is optimized with the Yoast SEO plugin v27.6 - https:\/\/yoast.com\/product\/yoast-seo-wordpress\/ -->\n<title>Descuentos - Pol\u00edticas - Richard&#039;s Pet Friendly Motel<\/title>\n<meta name=\"robots\" content=\"index, follow, max-snippet:-1, max-image-preview:large, max-video-preview:-1\" \/>\n<link rel=\"canonical\" href=\"https:\/\/richardspetfriendlymotel.com\/es\/quienes-somos-descuentos-politicas\/\" \/>\n<meta property=\"og:locale\" content=\"es_ES\" \/>\n<meta property=\"og:type\" content=\"article\" \/>\n<meta property=\"og:title\" content=\"Descuentos - Pol\u00edticas - Richard&#039;s Pet Friendly Motel\" \/>\n<meta property=\"og:description\" content=\"Descuentos - Pol\u00edticasDescuentos &nbsp; Descuento de \u00faltima hora Disponible para los que se presenten sin reserva (que no es el escenario ideal en t\u00e9rminos de elecci\u00f3n) No se arriesgue a ver un &quot;NO HAY VACANTE&quot; ese d\u00eda. Descuento por larga estancia... Si est\u00e1 planeando una larga estancia con nosotros, p\u00f3ngase en contacto con nuestro departamento [&hellip;]\" \/>\n<meta property=\"og:url\" content=\"https:\/\/richardspetfriendlymotel.com\/es\/quienes-somos-descuentos-politicas\/\" \/>\n<meta property=\"og:site_name\" content=\"Richard&#039;s Pet Friendly Motel\" \/>\n<meta property=\"article:publisher\" content=\"https:\/\/www.facebook.com\/FamilyofLodgingsHollywoodFlorida\/\" \/>\n<meta property=\"article:modified_time\" content=\"2026-03-31T10:35:16+00:00\" \/>\n<meta name=\"twitter:card\" content=\"summary_large_image\" \/>\n<meta name=\"twitter:label1\" content=\"Tiempo de lectura\" \/>\n\t<meta name=\"twitter:data1\" content=\"8 minutos\" \/>\n<script type=\"application\/ld+json\" class=\"yoast-schema-graph\">{\"@context\":\"https:\\\/\\\/schema.org\",\"@graph\":[{\"@type\":\"WebPage\",\"@id\":\"https:\\\/\\\/richardspetfriendlymotel.com\\\/es\\\/quienes-somos-descuentos-politicas\\\/\",\"url\":\"https:\\\/\\\/richardspetfriendlymotel.com\\\/es\\\/quienes-somos-descuentos-politicas\\\/\",\"name\":\"Descuentos - Pol\u00edticas - Richard&#039;s Pet Friendly Motel\",\"isPartOf\":{\"@id\":\"https:\\\/\\\/richardspetfriendlymotel.com\\\/es\\\/#website\"},\"datePublished\":\"2026-03-30T12:15:04+00:00\",\"dateModified\":\"2026-03-31T10:35:16+00:00\",\"breadcrumb\":{\"@id\":\"https:\\\/\\\/richardspetfriendlymotel.com\\\/es\\\/quienes-somos-descuentos-politicas\\\/#breadcrumb\"},\"inLanguage\":\"es\",\"potentialAction\":[{\"@type\":\"ReadAction\",\"target\":[\"https:\\\/\\\/richardspetfriendlymotel.com\\\/es\\\/quienes-somos-descuentos-politicas\\\/\"]}]},{\"@type\":\"BreadcrumbList\",\"@id\":\"https:\\\/\\\/richardspetfriendlymotel.com\\\/es\\\/quienes-somos-descuentos-politicas\\\/#breadcrumb\",\"itemListElement\":[{\"@type\":\"ListItem\",\"position\":1,\"name\":\"Home\",\"item\":\"https:\\\/\\\/richardspetfriendlymotel.com\\\/es\\\/\"},{\"@type\":\"ListItem\",\"position\":2,\"name\":\"Descuentos &#8211; Pol\u00edticas\"}]},{\"@type\":\"WebSite\",\"@id\":\"https:\\\/\\\/richardspetfriendlymotel.com\\\/es\\\/#website\",\"url\":\"https:\\\/\\\/richardspetfriendlymotel.com\\\/es\\\/\",\"name\":\"Richard's Motel Courtyard\",\"description\":\"\",\"publisher\":{\"@id\":\"https:\\\/\\\/richardspetfriendlymotel.com\\\/es\\\/#organization\"},\"potentialAction\":[{\"@type\":\"SearchAction\",\"target\":{\"@type\":\"EntryPoint\",\"urlTemplate\":\"https:\\\/\\\/richardspetfriendlymotel.com\\\/es\\\/?s={search_term_string}\"},\"query-input\":{\"@type\":\"PropertyValueSpecification\",\"valueRequired\":true,\"valueName\":\"search_term_string\"}}],\"inLanguage\":\"es\"},{\"@type\":\"Organization\",\"@id\":\"https:\\\/\\\/richardspetfriendlymotel.com\\\/es\\\/#organization\",\"name\":\"Richard's Motel Courtyard\",\"url\":\"https:\\\/\\\/richardspetfriendlymotel.com\\\/es\\\/\",\"logo\":{\"@type\":\"ImageObject\",\"inLanguage\":\"es\",\"@id\":\"https:\\\/\\\/richardspetfriendlymotel.com\\\/es\\\/#\\\/schema\\\/logo\\\/image\\\/\",\"url\":\"https:\\\/\\\/richardsmotelcourtyard.com\\\/wp-content\\\/uploads\\\/2024\\\/06\\\/Courtyard-logo.png\",\"contentUrl\":\"https:\\\/\\\/richardsmotelcourtyard.com\\\/wp-content\\\/uploads\\\/2024\\\/06\\\/Courtyard-logo.png\",\"width\":300,\"height\":237,\"caption\":\"Richard's Motel Courtyard\"},\"image\":{\"@id\":\"https:\\\/\\\/richardspetfriendlymotel.com\\\/es\\\/#\\\/schema\\\/logo\\\/image\\\/\"},\"sameAs\":[\"https:\\\/\\\/www.facebook.com\\\/FamilyofLodgingsHollywoodFlorida\\\/\"]}]}<\/script>\n<!-- \/ Yoast SEO plugin. -->","yoast_head_json":{"title":"Descuentos - Pol\u00edticas - Richard&#039;s Pet Friendly Motel","robots":{"index":"index","follow":"follow","max-snippet":"max-snippet:-1","max-image-preview":"max-image-preview:large","max-video-preview":"max-video-preview:-1"},"canonical":"https:\/\/richardspetfriendlymotel.com\/es\/quienes-somos-descuentos-politicas\/","og_locale":"es_ES","og_type":"article","og_title":"Descuentos - Pol\u00edticas - Richard&#039;s Pet Friendly Motel","og_description":"Descuentos - Pol\u00edticasDescuentos &nbsp; Descuento de \u00faltima hora Disponible para los que se presenten sin reserva (que no es el escenario ideal en t\u00e9rminos de elecci\u00f3n) No se arriesgue a ver un \"NO HAY VACANTE\" ese d\u00eda. Descuento por larga estancia... Si est\u00e1 planeando una larga estancia con nosotros, p\u00f3ngase en contacto con nuestro departamento [&hellip;]","og_url":"https:\/\/richardspetfriendlymotel.com\/es\/quienes-somos-descuentos-politicas\/","og_site_name":"Richard&#039;s Pet Friendly Motel","article_publisher":"https:\/\/www.facebook.com\/FamilyofLodgingsHollywoodFlorida\/","article_modified_time":"2026-03-31T10:35:16+00:00","twitter_card":"summary_large_image","twitter_misc":{"Tiempo de lectura":"8 minutos"},"schema":{"@context":"https:\/\/schema.org","@graph":[{"@type":"WebPage","@id":"https:\/\/richardspetfriendlymotel.com\/es\/quienes-somos-descuentos-politicas\/","url":"https:\/\/richardspetfriendlymotel.com\/es\/quienes-somos-descuentos-politicas\/","name":"Descuentos - Pol\u00edticas - Richard&#039;s Pet Friendly Motel","isPartOf":{"@id":"https:\/\/richardspetfriendlymotel.com\/es\/#website"},"datePublished":"2026-03-30T12:15:04+00:00","dateModified":"2026-03-31T10:35:16+00:00","breadcrumb":{"@id":"https:\/\/richardspetfriendlymotel.com\/es\/quienes-somos-descuentos-politicas\/#breadcrumb"},"inLanguage":"es","potentialAction":[{"@type":"ReadAction","target":["https:\/\/richardspetfriendlymotel.com\/es\/quienes-somos-descuentos-politicas\/"]}]},{"@type":"BreadcrumbList","@id":"https:\/\/richardspetfriendlymotel.com\/es\/quienes-somos-descuentos-politicas\/#breadcrumb","itemListElement":[{"@type":"ListItem","position":1,"name":"Home","item":"https:\/\/richardspetfriendlymotel.com\/es\/"},{"@type":"ListItem","position":2,"name":"Descuentos &#8211; Pol\u00edticas"}]},{"@type":"WebSite","@id":"https:\/\/richardspetfriendlymotel.com\/es\/#website","url":"https:\/\/richardspetfriendlymotel.com\/es\/","name":"Richard's Motel Courtyard","description":"","publisher":{"@id":"https:\/\/richardspetfriendlymotel.com\/es\/#organization"},"potentialAction":[{"@type":"SearchAction","target":{"@type":"EntryPoint","urlTemplate":"https:\/\/richardspetfriendlymotel.com\/es\/?s={search_term_string}"},"query-input":{"@type":"PropertyValueSpecification","valueRequired":true,"valueName":"search_term_string"}}],"inLanguage":"es"},{"@type":"Organization","@id":"https:\/\/richardspetfriendlymotel.com\/es\/#organization","name":"Richard's Motel Courtyard","url":"https:\/\/richardspetfriendlymotel.com\/es\/","logo":{"@type":"ImageObject","inLanguage":"es","@id":"https:\/\/richardspetfriendlymotel.com\/es\/#\/schema\/logo\/image\/","url":"https:\/\/richardsmotelcourtyard.com\/wp-content\/uploads\/2024\/06\/Courtyard-logo.png","contentUrl":"https:\/\/richardsmotelcourtyard.com\/wp-content\/uploads\/2024\/06\/Courtyard-logo.png","width":300,"height":237,"caption":"Richard's Motel Courtyard"},"image":{"@id":"https:\/\/richardspetfriendlymotel.com\/es\/#\/schema\/logo\/image\/"},"sameAs":["https:\/\/www.facebook.com\/FamilyofLodgingsHollywoodFlorida\/"]}]}},"_links":{"self":[{"href":"https:\/\/richardspetfriendlymotel.com\/es\/wp-json\/wp\/v2\/pages\/3828","targetHints":{"allow":["GET"]}}],"collection":[{"href":"https:\/\/richardspetfriendlymotel.com\/es\/wp-json\/wp\/v2\/pages"}],"about":[{"href":"https:\/\/richardspetfriendlymotel.com\/es\/wp-json\/wp\/v2\/types\/page"}],"author":[{"embeddable":true,"href":"https:\/\/richardspetfriendlymotel.com\/es\/wp-json\/wp\/v2\/users\/1"}],"replies":[{"embeddable":true,"href":"https:\/\/richardspetfriendlymotel.com\/es\/wp-json\/wp\/v2\/comments?post=3828"}],"version-history":[{"count":11,"href":"https:\/\/richardspetfriendlymotel.com\/es\/wp-json\/wp\/v2\/pages\/3828\/revisions"}],"predecessor-version":[{"id":3983,"href":"https:\/\/richardspetfriendlymotel.com\/es\/wp-json\/wp\/v2\/pages\/3828\/revisions\/3983"}],"wp:attachment":[{"href":"https:\/\/richardspetfriendlymotel.com\/es\/wp-json\/wp\/v2\/media?parent=3828"}],"curies":[{"name":"wp","href":"https:\/\/api.w.org\/{rel}","templated":true}]}}