{"id":3829,"date":"2026-03-30T12:15:04","date_gmt":"2026-03-30T12:15:04","guid":{"rendered":"https:\/\/dev.richardspetfriendlymotel.com\/?page_id=3829"},"modified":"2026-03-31T10:35:17","modified_gmt":"2026-03-31T10:35:17","slug":"a-propos-de-nous-reductions-politiques","status":"publish","type":"page","link":"https:\/\/richardspetfriendlymotel.com\/fr\/a-propos-de-nous-reductions-politiques\/","title":{"rendered":"R\u00e9ductions &#8211; Politiques"},"content":{"rendered":"<p>[et_pb_section fb_built=\u00a0\u00bb1&Prime; _builder_version=\u00a0\u00bb4.23.1&Prime; _module_preset=\u00a0\u00bbdefault\u00a0\u00bb global_colors_info=\u00a0\u00bb{}\u00a0\u00bb][et_pb_row _builder_version=\u00a0\u00bb4.24.0&Prime; _module_preset=\u00a0\u00bbdefault\u00a0\u00bb custom_margin=\u00a0\u00bb40px||||false|false\u00a0\u00bb global_colors_info=\u00a0\u00bb{}\u00a0\u00bb][et_pb_column type=\u00a0\u00bb4_4&Prime; _builder_version=\u00a0\u00bb4.23.1&Prime; _module_preset=\u00a0\u00bbdefault\u00a0\u00bb global_colors_info=\u00a0\u00bb{}\u00a0\u00bb][et_pb_text _builder_version=\u00a0\u00bb4.27.6&Prime; _module_preset=\u00a0\u00bbdefault\u00a0\u00bb header_3_font=\u00a0\u00bbABeeZee||||||||\u00a0\u00bb header_3_text_color=\u00a0\u00bb#7CDA24&Prime; custom_padding=\u00a0\u00bb0px|||||\u00a0\u00bb global_colors_info=\u00a0\u00bb{}\u00a0\u00bb]<\/p>\n<h3 style=\"text-align: justify;\">R\u00e9ductions &#8211; Politiques<strong><\/strong><\/h3>\n<p>[\/et_pb_text][\/et_pb_column][\/et_pb_row][et_pb_row _builder_version=\u00a0\u00bb4.24.0&Prime; _module_preset=\u00a0\u00bbdefault\u00a0\u00bb custom_margin=\u00a0\u00bb40px||||false|false\u00a0\u00bb global_colors_info=\u00a0\u00bb{}\u00a0\u00bb][et_pb_column type=\u00a0\u00bb4_4&Prime; _builder_version=\u00a0\u00bb4.23.1&Prime; _module_preset=\u00a0\u00bbdefault\u00a0\u00bb global_colors_info=\u00a0\u00bb{}\u00a0\u00bb][et_pb_text _builder_version=\u00a0\u00bb4.27.6&Prime; _module_preset=\u00a0\u00bbdefault\u00a0\u00bb header_3_font=\u00a0\u00bbABeeZee||||||||\u00a0\u00bb header_3_text_color=\u00a0\u00bb#7CDA24&Prime; global_colors_info=\u00a0\u00bb{}\u00a0\u00bb]<\/p>\n<h3>Rabais<\/h3>\n<p>&nbsp;<\/p>\n<ul>\n<li><strong>Rabais de derni\u00e8re minute<\/strong><\/li>\n<\/ul>\n<p>Disponible pour ceux qui se pr\u00e9sentent sans r\u00e9servation (ce qui n&rsquo;est pas le sc\u00e9nario id\u00e9al en termes de choix)<\/p>\n<p>Ne prenez pas le risque de voir \u00ab\u00a0COMPLET\u00a0\u00bb ce jour-l\u00e0 !<\/p>\n<ul>\n<li><strong>Rabais pour les longs s\u00e9jours..<\/strong><\/li>\n<\/ul>\n<p>Si vous pr\u00e9voyez un long s\u00e9jour chez nous, veuillez contacter notre service de r\u00e9servation pour obtenir un tarif sp\u00e9cial. Toujours 15% de r\u00e9duction pour un s\u00e9jour en hiver lorsque vous r\u00e9servez AVANT le 31 octobre pr\u00e9c\u00e9dent.<\/p>\n<ul>\n<li><strong>Le d\u00e9neigement est gratuit. <\/strong><\/li>\n<\/ul>\n<p>Lorsque vous s\u00e9journez chez nous, votre voiture n&rsquo;est jamais ensevelie sous la neige.<\/p>\n<p>&nbsp;<\/p>\n<p><em>*Tous les rabais ne peuvent pas \u00eatre combin\u00e9s. <\/em><\/p>\n<p><em><\/em><\/p>\n<p><em><\/em><\/p>\n<p><em><\/em><\/p>\n<p>[\/et_pb_text][\/et_pb_column][\/et_pb_row][et_pb_row _builder_version=\u00a0\u00bb4.27.6&Prime; _module_preset=\u00a0\u00bbdefault\u00a0\u00bb global_colors_info=\u00a0\u00bb{}\u00a0\u00bb][et_pb_column type=\u00a0\u00bb4_4&Prime; _builder_version=\u00a0\u00bb4.27.6&Prime; _module_preset=\u00a0\u00bbdefault\u00a0\u00bb global_colors_info=\u00a0\u00bb{}\u00a0\u00bb][et_pb_text _builder_version=\u00a0\u00bb4.27.6&Prime; _module_preset=\u00a0\u00bbdefault\u00a0\u00bb header_3_font=\u00a0\u00bbABeeZee||||||||\u00a0\u00bb header_3_text_color=\u00a0\u00bb#7CDA24&Prime; global_colors_info=\u00a0\u00bb{}\u00a0\u00bb]<\/p>\n<h3>Conditions et politique<\/h3>\n<p>Les chiens doivent \u00eatre tenus en laisse \u00e0 tout moment sur le site.<br \/>\nEn tant que propri\u00e9taire d&rsquo;un animal de compagnie, vous \u00eates financi\u00e8rement responsable des dommages qu&rsquo;il cause.<br \/>\nLes lits et les canap\u00e9s ne doivent \u00e0 aucun moment \u00eatre utilis\u00e9s par votre animal.<br \/>\nDes frais de 25,00 $ + taxes seront appliqu\u00e9s pour chaque pi\u00e8ce de literie ou tout autre dommage qui n\u00e9cessitera un nettoyage sp\u00e9cifique.<br \/>\nNettoyez votre animal, ne laissez aucune trace de son passage, que ce soit \u00e0 l&rsquo;int\u00e9rieur ou autour de l&rsquo;unit\u00e9 d&rsquo;h\u00e9bergement, ou sur le site.<br \/>\nSi le nettoyage de l&rsquo;ext\u00e9rieur de votre unit\u00e9 d&rsquo;h\u00e9bergement s&rsquo;av\u00e8re n\u00e9cessaire apr\u00e8s votre d\u00e9part, des frais de 50 $ seront d\u00e9duits de votre d\u00e9p\u00f4t.<br \/>\nLes animaux ne sont pas autoris\u00e9s \u00e0 se trouver dans d&rsquo;autres b\u00e2timents ou dans des lieux publics et ne doivent en aucun cas \u00eatre laiss\u00e9s attach\u00e9s dans un endroit accessible aux clients de l&rsquo;h\u00f4tel.<br \/>\nVous devez \u00e0 tout moment limiter les aboiements de votre chien par rapport aux autres clients.<\/p>\n<p>La direction se r\u00e9serve le droit de r\u00e9voquer le droit de r\u00e9sidence de votre animal si une ou plusieurs des politiques mentionn\u00e9es ci-dessus ne sont pas respect\u00e9es.[\/et_pb_text][\/et_pb_column][\/et_pb_row][et_pb_row _builder_version=\u00a0\u00bb4.24.0&Prime; _module_preset=\u00a0\u00bbdefault\u00a0\u00bb custom_margin=\u00a0\u00bb40px||||false|false\u00a0\u00bb global_colors_info=\u00a0\u00bb{}\u00a0\u00bb][et_pb_column type=\u00a0\u00bb4_4&Prime; _builder_version=\u00a0\u00bb4.23.1&Prime; _module_preset=\u00a0\u00bbdefault\u00a0\u00bb global_colors_info=\u00a0\u00bb{}\u00a0\u00bb][et_pb_text _builder_version=\u00a0\u00bb4.27.6&Prime; _module_preset=\u00a0\u00bbdefault\u00a0\u00bb header_3_font=\u00a0\u00bbABeeZee||||||||\u00a0\u00bb header_3_text_color=\u00a0\u00bb#7CDA24&Prime; global_colors_info=\u00a0\u00bb{}\u00a0\u00bb]<\/p>\n<h3>Politique de nettoyage<\/h3>\n<p>&nbsp;<\/p>\n<p><strong><u>Vous payez le tarif journalier :<\/u><\/strong><br \/>Vous b\u00e9n\u00e9ficiez d&rsquo;un service de chambre quotidien.<\/p>\n<p><strong><u>Vous payez le tarif hebdomadaire :<\/u><\/strong><br \/>Vous b\u00e9n\u00e9ficiez d&rsquo;un service de chambre hebdomadaire (une fois par semaine).<\/p>\n<p>*Un grand service\/nettoyage est fourni une fois par semaine seulement avec le changement des draps. Les serviettes, le papier hygi\u00e9nique et le petit savon ne seront fournis que sur demande entre 9 heures et 16 heures. Une inspection quotidienne des chambres peut \u00eatre effectu\u00e9e et la climatisation doit \u00eatre et sera \u00e9teinte lorsque personne ne se trouve dans la chambre.<\/p>\n<p>Si n\u00e9cessaire, un petit balai, une serpilli\u00e8re et des produits de nettoyage de base seront fournis sur demande.<\/p>\n<p>&nbsp;<\/p>\n<p>[\/et_pb_text][\/et_pb_column][\/et_pb_row][et_pb_row _builder_version=\u00a0\u00bb4.24.0&Prime; _module_preset=\u00a0\u00bbdefault\u00a0\u00bb custom_margin=\u00a0\u00bb40px||||false|false\u00a0\u00bb global_colors_info=\u00a0\u00bb{}\u00a0\u00bb][et_pb_column type=\u00a0\u00bb4_4&Prime; _builder_version=\u00a0\u00bb4.23.1&Prime; _module_preset=\u00a0\u00bbdefault\u00a0\u00bb global_colors_info=\u00a0\u00bb{}\u00a0\u00bb][et_pb_text _builder_version=\u00a0\u00bb4.27.6&Prime; _module_preset=\u00a0\u00bbdefault\u00a0\u00bb header_3_font=\u00a0\u00bbABeeZee||||||||\u00a0\u00bb header_3_text_color=\u00a0\u00bb#7CDA24&Prime; global_colors_info=\u00a0\u00bb{}\u00a0\u00bb]<\/p>\n<h3 style=\"text-align: justify;\"><\/h3>\n<h3 style=\"text-align: justify;\">S\u00fbret\u00e9 et s\u00e9curit\u00e9<\/h3>\n<p>&nbsp;<\/p>\n<p>Pour votre s\u00e9curit\u00e9, notre propri\u00e9t\u00e9 offre les caract\u00e9ristiques suivantes :<\/p>\n<p style=\"text-align: justify;\">Double serrure<br \/>Cam\u00e9ras de surveillance*<br \/>Responsable pr\u00e9sent 24 heures sur 24<br \/>Pour votre s\u00e9curit\u00e9 personnelle, veuillez lire ce qui suit<br \/>N&rsquo;admettez pas une personne inconnue (sans son consentement)<br \/>Gardez vos cl\u00e9s en lieu s\u00fbr<br \/>Ne laissez pas les enfants sans surveillance dans la chambre<br \/>Ne laissez pas les fen\u00eatres ouvertes pendant la nuit<\/p>\n<p style=\"text-align: justify;\"><strong>Informations g\u00e9n\u00e9rales de s\u00e9curit\u00e9 :<\/strong><\/p>\n<p style=\"text-align: justify;\"><span>Pendant que vous profitez de votre s\u00e9jour au Richard&rsquo;s Pet Friendly Motel, du climat tropical et du temps chaud, nous voulons que vous vous sentiez \u00ab\u00a0comme chez vous\u00a0\u00bb pendant que vous \u00eates notre invit\u00e9. Malgr\u00e9 l&rsquo;attention que notre personnel porte \u00e0 nos clients pour assurer leur s\u00e9curit\u00e9, notre h\u00f4tel est situ\u00e9 \u00e0 proximit\u00e9 de la Federal Highway (US1), une route tr\u00e8s fr\u00e9quent\u00e9e qui traverse tout l&rsquo;\u00c9tat de Floride.  Cette route est le point central de notre \u00ab\u00a0destination d\u00e9tente\u00a0\u00bb, mais nous devons \u00eatre conscients de notre environnement, de jour comme de nuit. Vous devez notamment fermer la porte de votre chambre d&rsquo;h\u00f4tel \u00e0 cl\u00e9 en permanence, vous assurer que tous les objets de valeur sont cach\u00e9s et ne sont pas apport\u00e9s avec vous \u00e0 la piscine et dans les patios, verrouiller toutes les fen\u00eatres, en utilisant la serrure sup\u00e9rieure, lorsque vous quittez votre chambre pour quelque dur\u00e9e que ce soit, et ne pas ouvrir la porte de votre chambre d&rsquo;h\u00f4tel \u00e0 une personne que vous ne connaissez pas, \u00e0 moins qu&rsquo;elle ne se soit clairement identifi\u00e9e aupr\u00e8s de vous.<\/span><\/p>\n<p style=\"text-align: justify;\"><strong>Coffres-forts dans les chambres :<\/strong><\/p>\n<p style=\"text-align: justify;\"><span>Pour assurer la s\u00e9curit\u00e9 de nos h\u00f4tes et de leurs objets de valeur, nous avons install\u00e9 des coffres-forts dans la plupart de nos unit\u00e9s. Nous attendons l&rsquo;arriv\u00e9e de coffres suppl\u00e9mentaires pour nous assurer que toutes les unit\u00e9s contiennent un coffre-fort dans la chambre. En plus des efforts de notre personnel pour assurer la s\u00e9curit\u00e9 de nos h\u00f4tes, ces coffres-forts dans la chambre aideront \u00e0 garantir que vos objets de valeur sont en s\u00e9curit\u00e9 et que votre s\u00e9jour parmi nous est des plus relaxants et agr\u00e9ables.<\/span><\/p>\n<p style=\"text-align: justify;\"><strong>En ce qui concerne le stationnement,<\/strong> <span>nous avons install\u00e9 un \u00e9clairage ad\u00e9quat et un syst\u00e8me de surveillance vid\u00e9o. Toutefois, afin d&rsquo;\u00e9viter tout probl\u00e8me, veuillez toujours verrouiller les portes de votre voiture et ne pas laisser d&rsquo;objets de valeur dans votre v\u00e9hicule \u00e0 la vue de tous. Veuillez noter que le service des pompiers et le service de police se trouvent \u00e0 moins d&rsquo;un kilom\u00e8tre.<\/span><\/p>\n<p style=\"text-align: justify;\"><span>Nous mettons tout en \u0153uvre pour assurer la s\u00e9curit\u00e9 des lieux et de nos h\u00f4tes, qui profitent de leur s\u00e9jour parmi nous. Notre personnel professionnel (jour et nuit) se consacre en permanence \u00e0 votre s\u00e9curit\u00e9 et interviendra rapidement en cas de probl\u00e8me. Si vous avez des questions ou des pr\u00e9occupations en mati\u00e8re de s\u00e9curit\u00e9, vous pouvez contacter notre r\u00e9ception, 24 heures sur 24, au num\u00e9ro suivant <\/span><a href=\"tel:954-921-6418\">954-921-6418<\/a><\/p>\n<p>[\/et_pb_text][\/et_pb_column][\/et_pb_row][et_pb_row _builder_version=\u00a0\u00bb4.24.0&Prime; _module_preset=\u00a0\u00bbdefault\u00a0\u00bb custom_margin=\u00a0\u00bb40px||||false|false\u00a0\u00bb global_colors_info=\u00a0\u00bb{}\u00a0\u00bb][et_pb_column type=\u00a0\u00bb4_4&Prime; _builder_version=\u00a0\u00bb4.23.1&Prime; _module_preset=\u00a0\u00bbdefault\u00a0\u00bb global_colors_info=\u00a0\u00bb{}\u00a0\u00bb][et_pb_text _builder_version=\u00a0\u00bb4.24.1&Prime; _module_preset=\u00a0\u00bbdefault\u00a0\u00bb header_3_font=\u00a0\u00bbABeeZee||||||||\u00a0\u00bb header_3_text_color=\u00a0\u00bb#7fbf00&Prime; global_colors_info=\u00a0\u00bb{}\u00a0\u00bb]<\/p>\n<p style=\"text-align: justify;\"><strong>*TV EN FRANCAIS \/ Service alternatif (temporaire) offert<\/strong><\/p>\n<p style=\"text-align: justify;\">\n<p style=\"text-align: justify;\">La direction souhaite continuer \u00e0 offrir \u00e0 ses clients qu\u00e9b\u00e9cois un service de t\u00e9l\u00e9vision en fran\u00e7ais. Les efforts sont accrus dans ce sens, mais la technologie<br \/>ne r\u00e9pond plus aux attentes et les r\u00e9sultats se traduisent par de grandes variations dans la r\u00e9ception. En un mot, les diff\u00e9rentes cha\u00eenes fran\u00e7aises de<br \/>peuvent fonctionner par intermittence ou simplement ne pas \u00eatre syntonis\u00e9es en permanence.<br \/>Il est important de rappeler que dans ces conditions, la direction ne peut \u00eatre tenue responsable des variations et\/ou des interruptions des cha\u00eenes fran\u00e7aises. Nous<br \/>Nous demandons \u00e0 nos clients qu\u00e9b\u00e9cois de faire preuve d&rsquo;indulgence face \u00e0 ce ph\u00e9nom\u00e8ne.<\/p>\n<p style=\"text-align: justify;\">Ce qui compte pour nous, c&rsquo;est de faire de notre mieux en fonction des circonstances et de fournir le maximum d&rsquo;efforts possibles.<\/p>\n<p style=\"text-align: justify;\">Les francophones du Qu\u00e9bec viennent en Floride avant tout pour le climat, le soleil, la plage, les activit\u00e9s, les excursions, tant mieux s&rsquo;il est \u00ab\u00a0partiellement\u00a0\u00bb possible de regarder certains programmes.<\/p>\n<p style=\"text-align: justify;\"><strong>EN CAS D&rsquo;INTERRUPTION<\/strong><\/p>\n<p style=\"text-align: justify;\">En cas d&rsquo;interruption ou d&rsquo;arr\u00eat d&rsquo;une ou plusieurs cha\u00eenes, vous pouvez nous en informer (avec RESPECT), et nous ferons le n\u00e9cessaire pour remettre les cha\u00eenes en service. Nos espoirs reposent sur les avanc\u00e9es technologiques qui vous permettront un jour, chers clients, d&rsquo;utiliser vos smartphones et de vous rendre ind\u00e9pendants dans l&rsquo;acc\u00e8s au contenu qui sera diffus\u00e9 dans vos chambres (&amp; appartements), tout comme le font aujourd&rsquo;hui la plupart de nos clients am\u00e9ricains, qui diffusent simplement (en \u00ab\u00a0mirroring\u00a0\u00bb) leur t\u00e9l\u00e9phone dans les t\u00e9l\u00e9viseurs de chaque unit\u00e9.<br \/>La meilleure fa\u00e7on de vous assurer que vous regardez vos programmes qu\u00e9b\u00e9cois en diff\u00e9r\u00e9 est de v\u00e9rifier avec votre distributeur de c\u00e2ble qu\u00e9b\u00e9cois AVANT votre arriv\u00e9e pour savoir comment regarder Tou.tv et d&rsquo;autres programmes du monde entier sur votre tablette.<\/p>\n<p style=\"text-align: justify;\"><em>Merci de votre indulgence&#8230;<\/em><\/p>\n<p style=\"text-align: justify;\">[\/et_pb_text][\/et_pb_column][\/et_pb_row][\/et_pb_section]<\/p>\n","protected":false},"excerpt":{"rendered":"<p>R\u00e9ductions &#8211; PolitiquesRabais &nbsp; Rabais de derni\u00e8re minute Disponible pour ceux qui se pr\u00e9sentent sans r\u00e9servation (ce qui n&rsquo;est pas le sc\u00e9nario id\u00e9al en termes de choix) Ne prenez pas le risque de voir \u00ab\u00a0COMPLET\u00a0\u00bb ce jour-l\u00e0 ! Rabais pour les longs s\u00e9jours.. Si vous pr\u00e9voyez un long s\u00e9jour chez nous, veuillez contacter notre service [&hellip;]<\/p>\n","protected":false},"author":1,"featured_media":0,"parent":0,"menu_order":0,"comment_status":"closed","ping_status":"closed","template":"","meta":{"_et_pb_use_builder":"on","_et_pb_old_content":"","_et_gb_content_width":"","_monsterinsights_skip_tracking":false,"_monsterinsights_sitenote_active":false,"_monsterinsights_sitenote_note":"","_monsterinsights_sitenote_category":0,"footnotes":""},"class_list":["post-3829","page","type-page","status-publish","hentry"],"yoast_head":"<!-- This site is optimized with the Yoast SEO plugin v27.6 - https:\/\/yoast.com\/product\/yoast-seo-wordpress\/ -->\n<title>R\u00e9ductions - Politiques - Richard&#039;s Pet Friendly Motel<\/title>\n<meta name=\"robots\" content=\"index, follow, max-snippet:-1, max-image-preview:large, max-video-preview:-1\" \/>\n<link rel=\"canonical\" href=\"https:\/\/richardspetfriendlymotel.com\/fr\/a-propos-de-nous-reductions-politiques\/\" \/>\n<meta property=\"og:locale\" content=\"fr_FR\" \/>\n<meta property=\"og:type\" content=\"article\" \/>\n<meta property=\"og:title\" content=\"R\u00e9ductions - Politiques - Richard&#039;s Pet Friendly Motel\" \/>\n<meta property=\"og:description\" content=\"R\u00e9ductions - PolitiquesRabais &nbsp; Rabais de derni\u00e8re minute Disponible pour ceux qui se pr\u00e9sentent sans r\u00e9servation (ce qui n&#039;est pas le sc\u00e9nario id\u00e9al en termes de choix) Ne prenez pas le risque de voir &quot;COMPLET&quot; ce jour-l\u00e0 ! Rabais pour les longs s\u00e9jours.. Si vous pr\u00e9voyez un long s\u00e9jour chez nous, veuillez contacter notre service [&hellip;]\" \/>\n<meta property=\"og:url\" content=\"https:\/\/richardspetfriendlymotel.com\/fr\/a-propos-de-nous-reductions-politiques\/\" \/>\n<meta property=\"og:site_name\" content=\"Richard&#039;s Pet Friendly Motel\" \/>\n<meta property=\"article:publisher\" content=\"https:\/\/www.facebook.com\/FamilyofLodgingsHollywoodFlorida\/\" \/>\n<meta property=\"article:modified_time\" content=\"2026-03-31T10:35:17+00:00\" \/>\n<meta name=\"twitter:card\" content=\"summary_large_image\" \/>\n<meta name=\"twitter:label1\" content=\"Dur\u00e9e de lecture estim\u00e9e\" \/>\n\t<meta name=\"twitter:data1\" content=\"8 minutes\" \/>\n<script type=\"application\/ld+json\" class=\"yoast-schema-graph\">{\"@context\":\"https:\\\/\\\/schema.org\",\"@graph\":[{\"@type\":\"WebPage\",\"@id\":\"https:\\\/\\\/richardspetfriendlymotel.com\\\/fr\\\/a-propos-de-nous-reductions-politiques\\\/\",\"url\":\"https:\\\/\\\/richardspetfriendlymotel.com\\\/fr\\\/a-propos-de-nous-reductions-politiques\\\/\",\"name\":\"R\u00e9ductions - Politiques - Richard&#039;s Pet Friendly Motel\",\"isPartOf\":{\"@id\":\"https:\\\/\\\/richardspetfriendlymotel.com\\\/fr\\\/#website\"},\"datePublished\":\"2026-03-30T12:15:04+00:00\",\"dateModified\":\"2026-03-31T10:35:17+00:00\",\"breadcrumb\":{\"@id\":\"https:\\\/\\\/richardspetfriendlymotel.com\\\/fr\\\/a-propos-de-nous-reductions-politiques\\\/#breadcrumb\"},\"inLanguage\":\"fr-FR\",\"potentialAction\":[{\"@type\":\"ReadAction\",\"target\":[\"https:\\\/\\\/richardspetfriendlymotel.com\\\/fr\\\/a-propos-de-nous-reductions-politiques\\\/\"]}]},{\"@type\":\"BreadcrumbList\",\"@id\":\"https:\\\/\\\/richardspetfriendlymotel.com\\\/fr\\\/a-propos-de-nous-reductions-politiques\\\/#breadcrumb\",\"itemListElement\":[{\"@type\":\"ListItem\",\"position\":1,\"name\":\"Home\",\"item\":\"https:\\\/\\\/richardspetfriendlymotel.com\\\/fr\\\/\"},{\"@type\":\"ListItem\",\"position\":2,\"name\":\"R\u00e9ductions &#8211; Politiques\"}]},{\"@type\":\"WebSite\",\"@id\":\"https:\\\/\\\/richardspetfriendlymotel.com\\\/fr\\\/#website\",\"url\":\"https:\\\/\\\/richardspetfriendlymotel.com\\\/fr\\\/\",\"name\":\"Richard's Motel Courtyard\",\"description\":\"\",\"publisher\":{\"@id\":\"https:\\\/\\\/richardspetfriendlymotel.com\\\/fr\\\/#organization\"},\"potentialAction\":[{\"@type\":\"SearchAction\",\"target\":{\"@type\":\"EntryPoint\",\"urlTemplate\":\"https:\\\/\\\/richardspetfriendlymotel.com\\\/fr\\\/?s={search_term_string}\"},\"query-input\":{\"@type\":\"PropertyValueSpecification\",\"valueRequired\":true,\"valueName\":\"search_term_string\"}}],\"inLanguage\":\"fr-FR\"},{\"@type\":\"Organization\",\"@id\":\"https:\\\/\\\/richardspetfriendlymotel.com\\\/fr\\\/#organization\",\"name\":\"Richard's Motel Courtyard\",\"url\":\"https:\\\/\\\/richardspetfriendlymotel.com\\\/fr\\\/\",\"logo\":{\"@type\":\"ImageObject\",\"inLanguage\":\"fr-FR\",\"@id\":\"https:\\\/\\\/richardspetfriendlymotel.com\\\/fr\\\/#\\\/schema\\\/logo\\\/image\\\/\",\"url\":\"https:\\\/\\\/richardsmotelcourtyard.com\\\/wp-content\\\/uploads\\\/2024\\\/06\\\/Courtyard-logo.png\",\"contentUrl\":\"https:\\\/\\\/richardsmotelcourtyard.com\\\/wp-content\\\/uploads\\\/2024\\\/06\\\/Courtyard-logo.png\",\"width\":300,\"height\":237,\"caption\":\"Richard's Motel Courtyard\"},\"image\":{\"@id\":\"https:\\\/\\\/richardspetfriendlymotel.com\\\/fr\\\/#\\\/schema\\\/logo\\\/image\\\/\"},\"sameAs\":[\"https:\\\/\\\/www.facebook.com\\\/FamilyofLodgingsHollywoodFlorida\\\/\"]}]}<\/script>\n<!-- \/ Yoast SEO plugin. -->","yoast_head_json":{"title":"R\u00e9ductions - Politiques - Richard&#039;s Pet Friendly Motel","robots":{"index":"index","follow":"follow","max-snippet":"max-snippet:-1","max-image-preview":"max-image-preview:large","max-video-preview":"max-video-preview:-1"},"canonical":"https:\/\/richardspetfriendlymotel.com\/fr\/a-propos-de-nous-reductions-politiques\/","og_locale":"fr_FR","og_type":"article","og_title":"R\u00e9ductions - Politiques - Richard&#039;s Pet Friendly Motel","og_description":"R\u00e9ductions - PolitiquesRabais &nbsp; Rabais de derni\u00e8re minute Disponible pour ceux qui se pr\u00e9sentent sans r\u00e9servation (ce qui n'est pas le sc\u00e9nario id\u00e9al en termes de choix) Ne prenez pas le risque de voir \"COMPLET\" ce jour-l\u00e0 ! Rabais pour les longs s\u00e9jours.. Si vous pr\u00e9voyez un long s\u00e9jour chez nous, veuillez contacter notre service [&hellip;]","og_url":"https:\/\/richardspetfriendlymotel.com\/fr\/a-propos-de-nous-reductions-politiques\/","og_site_name":"Richard&#039;s Pet Friendly Motel","article_publisher":"https:\/\/www.facebook.com\/FamilyofLodgingsHollywoodFlorida\/","article_modified_time":"2026-03-31T10:35:17+00:00","twitter_card":"summary_large_image","twitter_misc":{"Dur\u00e9e de lecture estim\u00e9e":"8 minutes"},"schema":{"@context":"https:\/\/schema.org","@graph":[{"@type":"WebPage","@id":"https:\/\/richardspetfriendlymotel.com\/fr\/a-propos-de-nous-reductions-politiques\/","url":"https:\/\/richardspetfriendlymotel.com\/fr\/a-propos-de-nous-reductions-politiques\/","name":"R\u00e9ductions - Politiques - Richard&#039;s Pet Friendly Motel","isPartOf":{"@id":"https:\/\/richardspetfriendlymotel.com\/fr\/#website"},"datePublished":"2026-03-30T12:15:04+00:00","dateModified":"2026-03-31T10:35:17+00:00","breadcrumb":{"@id":"https:\/\/richardspetfriendlymotel.com\/fr\/a-propos-de-nous-reductions-politiques\/#breadcrumb"},"inLanguage":"fr-FR","potentialAction":[{"@type":"ReadAction","target":["https:\/\/richardspetfriendlymotel.com\/fr\/a-propos-de-nous-reductions-politiques\/"]}]},{"@type":"BreadcrumbList","@id":"https:\/\/richardspetfriendlymotel.com\/fr\/a-propos-de-nous-reductions-politiques\/#breadcrumb","itemListElement":[{"@type":"ListItem","position":1,"name":"Home","item":"https:\/\/richardspetfriendlymotel.com\/fr\/"},{"@type":"ListItem","position":2,"name":"R\u00e9ductions &#8211; Politiques"}]},{"@type":"WebSite","@id":"https:\/\/richardspetfriendlymotel.com\/fr\/#website","url":"https:\/\/richardspetfriendlymotel.com\/fr\/","name":"Richard's Motel Courtyard","description":"","publisher":{"@id":"https:\/\/richardspetfriendlymotel.com\/fr\/#organization"},"potentialAction":[{"@type":"SearchAction","target":{"@type":"EntryPoint","urlTemplate":"https:\/\/richardspetfriendlymotel.com\/fr\/?s={search_term_string}"},"query-input":{"@type":"PropertyValueSpecification","valueRequired":true,"valueName":"search_term_string"}}],"inLanguage":"fr-FR"},{"@type":"Organization","@id":"https:\/\/richardspetfriendlymotel.com\/fr\/#organization","name":"Richard's Motel Courtyard","url":"https:\/\/richardspetfriendlymotel.com\/fr\/","logo":{"@type":"ImageObject","inLanguage":"fr-FR","@id":"https:\/\/richardspetfriendlymotel.com\/fr\/#\/schema\/logo\/image\/","url":"https:\/\/richardsmotelcourtyard.com\/wp-content\/uploads\/2024\/06\/Courtyard-logo.png","contentUrl":"https:\/\/richardsmotelcourtyard.com\/wp-content\/uploads\/2024\/06\/Courtyard-logo.png","width":300,"height":237,"caption":"Richard's Motel Courtyard"},"image":{"@id":"https:\/\/richardspetfriendlymotel.com\/fr\/#\/schema\/logo\/image\/"},"sameAs":["https:\/\/www.facebook.com\/FamilyofLodgingsHollywoodFlorida\/"]}]}},"_links":{"self":[{"href":"https:\/\/richardspetfriendlymotel.com\/fr\/wp-json\/wp\/v2\/pages\/3829","targetHints":{"allow":["GET"]}}],"collection":[{"href":"https:\/\/richardspetfriendlymotel.com\/fr\/wp-json\/wp\/v2\/pages"}],"about":[{"href":"https:\/\/richardspetfriendlymotel.com\/fr\/wp-json\/wp\/v2\/types\/page"}],"author":[{"embeddable":true,"href":"https:\/\/richardspetfriendlymotel.com\/fr\/wp-json\/wp\/v2\/users\/1"}],"replies":[{"embeddable":true,"href":"https:\/\/richardspetfriendlymotel.com\/fr\/wp-json\/wp\/v2\/comments?post=3829"}],"version-history":[{"count":9,"href":"https:\/\/richardspetfriendlymotel.com\/fr\/wp-json\/wp\/v2\/pages\/3829\/revisions"}],"predecessor-version":[{"id":3984,"href":"https:\/\/richardspetfriendlymotel.com\/fr\/wp-json\/wp\/v2\/pages\/3829\/revisions\/3984"}],"wp:attachment":[{"href":"https:\/\/richardspetfriendlymotel.com\/fr\/wp-json\/wp\/v2\/media?parent=3829"}],"curies":[{"name":"wp","href":"https:\/\/api.w.org\/{rel}","templated":true}]}}